{"id":429,"date":"2023-01-02T21:46:15","date_gmt":"2023-01-02T20:46:15","guid":{"rendered":"http:\/\/www.apotheke-fuessen.de\/?page_id=429"},"modified":"2023-01-02T21:46:15","modified_gmt":"2023-01-02T20:46:15","slug":"stellenangebote","status":"publish","type":"page","link":"http:\/\/www.apotheke-fuessen.de\/index.php\/stellenangebote\/","title":{"rendered":"Stellenangebote"},"content":{"rendered":"\n<p class=\"has-green-color has-text-color has-large-font-size\"><strong>Wir suchen Dich!<\/strong><\/p>\n\n\n\n<p style=\"font-size:30px\"><strong> Apotheker\/PTA (m\/w\/d) <\/strong><br><strong>in Voll-\/Teilzeit<\/strong><\/p>\n\n\n\n<p class=\"has-green-color has-text-color\"><strong>Du m\u00f6chtest dort wohnen und arbeiten, wo andere Urlaub machen?<\/strong><\/p>\n\n\n\n<p><strong>Wir suchen zur Verst\u00e4rkung unseres jungen, engagierten Teams eine\/n Apotheker\/PTA (m\/w\/d) in Voll-\/Teilzeit.<\/strong><\/p>\n\n\n\n<p><br>Wir sind eine gro\u00dfe Apotheke in F\u00fcssen, direkt am Fu\u00dfe der Alpen &#8211; inmitten der Schl\u00f6sser- und Seenlandschaft mit hohem Freizeitwert.&nbsp;<\/p>\n\n\n\n<p>Wir bieten eine interessante und vielseitige T\u00e4tigkeit in unserer Apotheke sowie ein attraktives Gehalt.&nbsp;<br>Du bist richtig bei uns, wenn Du freundlich und motiviert bist, sorgf\u00e4ltig arbeitest und vor allem Spa\u00df und Freude bei der Arbeit hast.<\/p>\n\n\n\n<p>Im Falle eines Umzugs stehen wir gerne mit Rat und Tat zur Seite! <br>Gerne stellen wir f\u00fcr die ersten Monate auch eine Wohnung zur Verf\u00fcgung!<\/p>\n\n\n\n<p class=\"has-green-color has-text-color\">Wir freuen uns darauf Dich kennenzulernen!<\/p>\n\n\n\n<p><strong>Bewerbungen bitte <strong>per Mail an julia.hierl@outlook.c<\/strong>om oder schriftlich (Drei Tannen Apotheke, z.Hd. Julia Hierl, Welfenstr.1, 87629 F\u00fcssen) <\/strong><\/p>\n\n\n\n<p><\/p>\n\n\n\n<p><\/p>\n","protected":false},"excerpt":{"rendered":"<p>Wir suchen Dich! Apotheker\/PTA (m\/w\/d) in Voll-\/Teilzeit Du m\u00f6chtest dort wohnen und arbeiten, wo andere Urlaub machen? Wir suchen zur Verst\u00e4rkung unseres jungen, engagierten Teams eine\/n Apotheker\/PTA (m\/w\/d) in Voll-\/Teilzeit. Wir sind eine gro\u00dfe Apotheke in F\u00fcssen, direkt am Fu\u00dfe der Alpen &#8211; inmitten der Schl\u00f6sser- und Seenlandschaft mit hohem Freizeitwert.&nbsp; Wir bieten eine interessante &hellip; <a href=\"http:\/\/www.apotheke-fuessen.de\/index.php\/stellenangebote\/\" class=\"more-link\"><span class=\"screen-reader-text\">Stellenangebote<\/span> weiterlesen <span class=\"meta-nav\">&rarr;<\/span><\/a><\/p>\n","protected":false},"author":2,"featured_media":0,"parent":0,"menu_order":4,"comment_status":"closed","ping_status":"closed","template":"","meta":{"footnotes":""},"class_list":["post-429","page","type-page","status-publish","hentry"],"_links":{"self":[{"href":"http:\/\/www.apotheke-fuessen.de\/index.php\/wp-json\/wp\/v2\/pages\/429","targetHints":{"allow":["GET"]}}],"collection":[{"href":"http:\/\/www.apotheke-fuessen.de\/index.php\/wp-json\/wp\/v2\/pages"}],"about":[{"href":"http:\/\/www.apotheke-fuessen.de\/index.php\/wp-json\/wp\/v2\/types\/page"}],"author":[{"embeddable":true,"href":"http:\/\/www.apotheke-fuessen.de\/index.php\/wp-json\/wp\/v2\/users\/2"}],"replies":[{"embeddable":true,"href":"http:\/\/www.apotheke-fuessen.de\/index.php\/wp-json\/wp\/v2\/comments?post=429"}],"version-history":[{"count":5,"href":"http:\/\/www.apotheke-fuessen.de\/index.php\/wp-json\/wp\/v2\/pages\/429\/revisions"}],"predecessor-version":[{"id":499,"href":"http:\/\/www.apotheke-fuessen.de\/index.php\/wp-json\/wp\/v2\/pages\/429\/revisions\/499"}],"wp:attachment":[{"href":"http:\/\/www.apotheke-fuessen.de\/index.php\/wp-json\/wp\/v2\/media?parent=429"}],"curies":[{"name":"wp","href":"https:\/\/api.w.org\/{rel}","templated":true}]}}