{"id":25,"date":"2016-10-23T11:00:40","date_gmt":"2016-10-23T11:00:40","guid":{"rendered":"http:\/\/www.xn--apotheke-fssen-psb.de\/neu\/?page_id=25"},"modified":"2017-05-14T13:43:06","modified_gmt":"2017-05-14T13:43:06","slug":"ihr-anfahrtsweg","status":"publish","type":"page","link":"http:\/\/www.apotheke-fuessen.de\/index.php\/ihr-anfahrtsweg\/","title":{"rendered":"Ihr Anfahrtsweg"},"content":{"rendered":"<h2>Anschrift<\/h2>\n<p><strong>Drei Tannen Apotheke F\u00fcssen<br \/>\n<\/strong>Welfenstr. 1<br \/>\n87629 F\u00fcssen-West<br \/>\nTelefon: 08362\/6747<br \/>\nFax: 08362\/940236<br \/>\n<a href=\"http:\/\/www.xn--apotheke-fssen-psb.de\/\" target=\"blank\">www.apotheke-f\u00fcssen.de<br \/>\n<\/a><a href=\"mailto:apotheke-3-tannen@t-online.de\">apotheke-3-tannen@t-online.de<\/a><\/p>\n<h2><\/h2>\n<p>&nbsp;<\/p>\n<h2><\/h2>\n<h2>Anfahrt<\/h2>\n<p>Ihre Drei Tannen Apotheke befindet sich in der Welfenstra\u00dfe 1 in F\u00fcssen-West. Sie erreichen uns bequem aus dem Zentrum von F\u00fcssen \u00fcber die Von-Freyberg-Strasse, aber auch von au\u00dferhalb \u00fcber die A7 oder die B 310, die Froschenseestrasse und die Welfenstrasse.<\/p>\n<p><strong>Parkpl\u00e4tze sind direkt vor der Apotheke vorhanden.<\/strong><\/p>\n<p>Damit Sie den Weg in unsere Apotheke noch besser finden, haben Sie \u00fcber die Karte in der linken Leiste die M\u00f6glichkeit, Ihre Route zu unserer Apotheke \u00fcber Google Maps zu berechnen. Klicken Sie darin einfach auf Ihre Drei Tannen Apotheke und im daraufhin erscheinenden Popup auf den Link <em>In Google Maps ansehen<\/em>. Dieser Link f\u00fchrt zur gewohnten Ansicht in Google Maps, wo man unter <em>Routenplaner<\/em>\u00a0die Startadresse eingeben kann. So gelangen Sie auf dem schnellsten Weg zu uns.<\/p>\n","protected":false},"excerpt":{"rendered":"<p>Anschrift Drei Tannen Apotheke F\u00fcssen Welfenstr. 1 87629 F\u00fcssen-West Telefon: 08362\/6747 Fax: 08362\/940236 www.apotheke-f\u00fcssen.de apotheke-3-tannen@t-online.de &nbsp; Anfahrt Ihre Drei Tannen Apotheke befindet sich in der Welfenstra\u00dfe 1 in F\u00fcssen-West. Sie erreichen uns bequem aus dem Zentrum von F\u00fcssen \u00fcber die Von-Freyberg-Strasse, aber auch von au\u00dferhalb \u00fcber die A7 oder die B 310, die Froschenseestrasse und &hellip; <a href=\"http:\/\/www.apotheke-fuessen.de\/index.php\/ihr-anfahrtsweg\/\" class=\"more-link\"><span class=\"screen-reader-text\">Ihr Anfahrtsweg<\/span> weiterlesen <span class=\"meta-nav\">&rarr;<\/span><\/a><\/p>\n","protected":false},"author":1,"featured_media":0,"parent":0,"menu_order":3,"comment_status":"closed","ping_status":"closed","template":"","meta":{"footnotes":""},"class_list":["post-25","page","type-page","status-publish","hentry"],"_links":{"self":[{"href":"http:\/\/www.apotheke-fuessen.de\/index.php\/wp-json\/wp\/v2\/pages\/25","targetHints":{"allow":["GET"]}}],"collection":[{"href":"http:\/\/www.apotheke-fuessen.de\/index.php\/wp-json\/wp\/v2\/pages"}],"about":[{"href":"http:\/\/www.apotheke-fuessen.de\/index.php\/wp-json\/wp\/v2\/types\/page"}],"author":[{"embeddable":true,"href":"http:\/\/www.apotheke-fuessen.de\/index.php\/wp-json\/wp\/v2\/users\/1"}],"replies":[{"embeddable":true,"href":"http:\/\/www.apotheke-fuessen.de\/index.php\/wp-json\/wp\/v2\/comments?post=25"}],"version-history":[{"count":9,"href":"http:\/\/www.apotheke-fuessen.de\/index.php\/wp-json\/wp\/v2\/pages\/25\/revisions"}],"predecessor-version":[{"id":274,"href":"http:\/\/www.apotheke-fuessen.de\/index.php\/wp-json\/wp\/v2\/pages\/25\/revisions\/274"}],"wp:attachment":[{"href":"http:\/\/www.apotheke-fuessen.de\/index.php\/wp-json\/wp\/v2\/media?parent=25"}],"curies":[{"name":"wp","href":"https:\/\/api.w.org\/{rel}","templated":true}]}}