{"id":22,"date":"2023-01-02T21:53:28","date_gmt":"2023-01-02T20:53:28","guid":{"rendered":"http:\/\/www.xn--apotheke-fssen-psb.de\/neu\/?page_id=22"},"modified":"2023-01-02T21:53:28","modified_gmt":"2023-01-02T20:53:28","slug":"service","status":"publish","type":"page","link":"http:\/\/www.apotheke-fuessen.de\/index.php\/service\/","title":{"rendered":"Unser Service f\u00fcr Sie"},"content":{"rendered":"<p>Wir<\/p>\n<ul>\n<li>stellen Ihnen Ihr Genesenen- und Impfzertifikat aus<\/li>\n<li>beschaffen Ihnen schnell in- und ausl\u00e4ndische Arzneimittel<\/li>\n<li>bringen Ihre Medikamente auch zu Ihnen nach Hause<\/li>\n<li>bieten Ihnen eine Kundenkarte mit vielen Vorteilen:\n<ul>\n<li>Interaktionscheck: Vertragen sich Ihre Medikamente miteinander?<\/li>\n<li>Befreiungsbescheide sind gespeichert<\/li>\n<li>Sammelquittungen zur Vorlage beim Finanzamt oder bei der Krankenkasse<\/li>\n<li>Kundenkartenrabatt auf alle Produkte aus unserem Selbstbedienungsangebot, ausgenommen apotheken- und verschreibungspflichtige Arzneimittel<\/li>\n<\/ul>\n<\/li>\n<li>bestellen Ihnen Medikamente vorab, wenn Sie diese per<br \/>&#8222;What&#8217;s App&#8220; oder auch telefonisch vorbestellen<\/li>\n<\/ul>\n<p>Wir bieten Ihnen kompetente Arzneimittelberatung in den Bereichen<\/p>\n<ul>\n<li>Allopathie<\/li>\n<li>Hom\u00f6opathie<\/li>\n<li>Biochemie<\/li>\n<\/ul>\n<p>Wir beraten Sie auch gerne \u00fcber spezielle Themen wie<\/p>\n<ul>\n<li>Diabetes, Bluthochdruck, erh\u00f6hte Harns\u00e4ure- und Cholesterinwerte<\/li>\n<li>Asthma und COPD<\/li>\n<li>Allergien und Neurodermitis<\/li>\n<li>Schwangerschaft, Stillzeit und Babypflege<\/li>\n<li>Kosmetik, Haut- und K\u00f6rperpflege<\/li>\n<li>Orthomolekulare Medizin<\/li>\n<li>Ern\u00e4hrung, \u00dcbergewicht und Di\u00e4ten<\/li>\n<li>Inkontinenz<\/li>\n<li>Impfschutz auch bei Fernreisen<\/li>\n<li>Sonnenschutz<\/li>\n<\/ul>\n<p>Wir messen<\/p>\n<ul>\n<li>Blutdruck<\/li>\n<li>Blutzucker<\/li>\n<li>Body-Mass-Index<\/li>\n<\/ul>\n<p>Wir verleihen<\/p>\n<ul>\n<li>Milchpumpen<\/li>\n<li>Pari-Inhalationsger\u00e4te<\/li>\n<li>Blutdruckmessger\u00e4te<\/li>\n<\/ul>\n<p>Wir mischen Ihnen<\/p>\n<ul>\n<li>Bachbl\u00fcten<\/li>\n<li>PS-Mischungen<\/li>\n<\/ul>\n<p>Wir \u00fcberpr\u00fcfen Ihre\/Ihren<\/p>\n<ul>\n<li>Hausapotheke<\/li>\n<li>Reiseapotheke<\/li>\n<li>Autoverbandkasten<\/li>\n<li>Impfpass<\/li>\n<\/ul>\n\n\n<p><\/p>\n","protected":false},"excerpt":{"rendered":"<p>Wir stellen Ihnen Ihr Genesenen- und Impfzertifikat aus beschaffen Ihnen schnell in- und ausl\u00e4ndische Arzneimittel bringen Ihre Medikamente auch zu Ihnen nach Hause bieten Ihnen eine Kundenkarte mit vielen Vorteilen: Interaktionscheck: Vertragen sich Ihre Medikamente miteinander? Befreiungsbescheide sind gespeichert Sammelquittungen zur Vorlage beim Finanzamt oder bei der Krankenkasse Kundenkartenrabatt auf alle Produkte aus unserem Selbstbedienungsangebot, &hellip; <a href=\"http:\/\/www.apotheke-fuessen.de\/index.php\/service\/\" class=\"more-link\"><span class=\"screen-reader-text\">Unser Service f\u00fcr Sie<\/span> weiterlesen <span class=\"meta-nav\">&rarr;<\/span><\/a><\/p>\n","protected":false},"author":1,"featured_media":0,"parent":0,"menu_order":0,"comment_status":"closed","ping_status":"closed","template":"","meta":{"footnotes":""},"class_list":["post-22","page","type-page","status-publish","hentry"],"_links":{"self":[{"href":"http:\/\/www.apotheke-fuessen.de\/index.php\/wp-json\/wp\/v2\/pages\/22","targetHints":{"allow":["GET"]}}],"collection":[{"href":"http:\/\/www.apotheke-fuessen.de\/index.php\/wp-json\/wp\/v2\/pages"}],"about":[{"href":"http:\/\/www.apotheke-fuessen.de\/index.php\/wp-json\/wp\/v2\/types\/page"}],"author":[{"embeddable":true,"href":"http:\/\/www.apotheke-fuessen.de\/index.php\/wp-json\/wp\/v2\/users\/1"}],"replies":[{"embeddable":true,"href":"http:\/\/www.apotheke-fuessen.de\/index.php\/wp-json\/wp\/v2\/comments?post=22"}],"version-history":[{"count":20,"href":"http:\/\/www.apotheke-fuessen.de\/index.php\/wp-json\/wp\/v2\/pages\/22\/revisions"}],"predecessor-version":[{"id":501,"href":"http:\/\/www.apotheke-fuessen.de\/index.php\/wp-json\/wp\/v2\/pages\/22\/revisions\/501"}],"wp:attachment":[{"href":"http:\/\/www.apotheke-fuessen.de\/index.php\/wp-json\/wp\/v2\/media?parent=22"}],"curies":[{"name":"wp","href":"https:\/\/api.w.org\/{rel}","templated":true}]}}