{"id":2,"date":"2016-10-22T18:40:13","date_gmt":"2016-10-22T16:40:13","guid":{"rendered":"http:\/\/www.xn--apotheke-fssen-psb.de\/neu\/?page_id=2"},"modified":"2023-01-03T12:20:01","modified_gmt":"2023-01-03T11:20:01","slug":"apotheke","status":"publish","type":"page","link":"http:\/\/www.apotheke-fuessen.de\/index.php\/apotheke\/","title":{"rendered":"Ihre Apotheke"},"content":{"rendered":"\n<p class=\"has-green-color has-text-color\"><strong>Willkommen in Ihrer Drei Tannen Apotheke!<\/strong><\/p>\n\n\n<p>Ihre Drei Tannen Apotheke befindet sich in der Welfenstra\u00dfe 1 in F\u00fcssen-West. Hier bieten wir Ihnen in K\u00fcrze weitere Ansichten von Innen und Au\u00dfen.<\/p>\n<p><strong>Parkpl\u00e4tze sind direkt vor der Apotheke vorhanden.<\/strong><\/p>\n<p><img loading=\"lazy\" decoding=\"async\" class=\"wp-image-7 aligncenter\" src=\"http:\/\/www.xn--apotheke-fssen-psb.de\/neu\/wp-content\/uploads\/2016\/10\/haus-300x239.jpg\" alt=\"Drei Tannen Apotheke\" width=\"450\" height=\"358\" srcset=\"http:\/\/www.apotheke-fuessen.de\/site\/wp-content\/uploads\/2016\/10\/haus-300x239.jpg 300w, http:\/\/www.apotheke-fuessen.de\/site\/wp-content\/uploads\/2016\/10\/haus.jpg 400w\" sizes=\"auto, (max-width: 450px) 100vw, 450px\" \/><\/p>\n<p><img loading=\"lazy\" decoding=\"async\" class=\"wp-image-264 aligncenter\" src=\"http:\/\/www.apotheke-fuessen.de\/neu\/wp-content\/uploads\/2016\/10\/Apo-von-Innen-1024x768.jpg\" alt=\"Ihre Drei Tannen Apotheke von Innen\" width=\"450\" height=\"338\" srcset=\"http:\/\/www.apotheke-fuessen.de\/site\/wp-content\/uploads\/2016\/10\/Apo-von-Innen-1024x768.jpg 1024w, http:\/\/www.apotheke-fuessen.de\/site\/wp-content\/uploads\/2016\/10\/Apo-von-Innen-300x225.jpg 300w, http:\/\/www.apotheke-fuessen.de\/site\/wp-content\/uploads\/2016\/10\/Apo-von-Innen-768x576.jpg 768w, http:\/\/www.apotheke-fuessen.de\/site\/wp-content\/uploads\/2016\/10\/Apo-von-Innen.jpg 1280w\" sizes=\"auto, (max-width: 450px) 100vw, 450px\" \/><\/p>\n<p><img loading=\"lazy\" decoding=\"async\" class=\"wp-image-270 aligncenter\" src=\"http:\/\/www.apotheke-fuessen.de\/neu\/wp-content\/uploads\/2017\/05\/Apo-von-Innen_03.jpg\" alt=\"\" width=\"450\" height=\"338\" srcset=\"http:\/\/www.apotheke-fuessen.de\/site\/wp-content\/uploads\/2017\/05\/Apo-von-Innen_03.jpg 1280w, http:\/\/www.apotheke-fuessen.de\/site\/wp-content\/uploads\/2017\/05\/Apo-von-Innen_03-300x225.jpg 300w, http:\/\/www.apotheke-fuessen.de\/site\/wp-content\/uploads\/2017\/05\/Apo-von-Innen_03-768x576.jpg 768w, http:\/\/www.apotheke-fuessen.de\/site\/wp-content\/uploads\/2017\/05\/Apo-von-Innen_03-1024x768.jpg 1024w\" sizes=\"auto, (max-width: 450px) 100vw, 450px\" \/><\/p>\n<p><img loading=\"lazy\" decoding=\"async\" class=\"wp-image-269 aligncenter\" src=\"http:\/\/www.apotheke-fuessen.de\/neu\/wp-content\/uploads\/2017\/05\/Apo-von-Innen_02.jpg\" alt=\"\" width=\"450\" height=\"600\" srcset=\"http:\/\/www.apotheke-fuessen.de\/site\/wp-content\/uploads\/2017\/05\/Apo-von-Innen_02.jpg 960w, http:\/\/www.apotheke-fuessen.de\/site\/wp-content\/uploads\/2017\/05\/Apo-von-Innen_02-225x300.jpg 225w, http:\/\/www.apotheke-fuessen.de\/site\/wp-content\/uploads\/2017\/05\/Apo-von-Innen_02-768x1024.jpg 768w\" sizes=\"auto, (max-width: 450px) 100vw, 450px\" \/><\/p>","protected":false},"excerpt":{"rendered":"<p>Willkommen in Ihrer Drei Tannen Apotheke! Ihre Drei Tannen Apotheke befindet sich in der Welfenstra\u00dfe 1 in F\u00fcssen-West. Hier bieten wir Ihnen in K\u00fcrze weitere Ansichten von Innen und Au\u00dfen. Parkpl\u00e4tze sind direkt vor der Apotheke vorhanden.<\/p>\n","protected":false},"author":1,"featured_media":0,"parent":0,"menu_order":0,"comment_status":"closed","ping_status":"closed","template":"","meta":{"footnotes":""},"class_list":["post-2","page","type-page","status-publish","hentry"],"_links":{"self":[{"href":"http:\/\/www.apotheke-fuessen.de\/index.php\/wp-json\/wp\/v2\/pages\/2","targetHints":{"allow":["GET"]}}],"collection":[{"href":"http:\/\/www.apotheke-fuessen.de\/index.php\/wp-json\/wp\/v2\/pages"}],"about":[{"href":"http:\/\/www.apotheke-fuessen.de\/index.php\/wp-json\/wp\/v2\/types\/page"}],"author":[{"embeddable":true,"href":"http:\/\/www.apotheke-fuessen.de\/index.php\/wp-json\/wp\/v2\/users\/1"}],"replies":[{"embeddable":true,"href":"http:\/\/www.apotheke-fuessen.de\/index.php\/wp-json\/wp\/v2\/comments?post=2"}],"version-history":[{"count":8,"href":"http:\/\/www.apotheke-fuessen.de\/index.php\/wp-json\/wp\/v2\/pages\/2\/revisions"}],"predecessor-version":[{"id":508,"href":"http:\/\/www.apotheke-fuessen.de\/index.php\/wp-json\/wp\/v2\/pages\/2\/revisions\/508"}],"wp:attachment":[{"href":"http:\/\/www.apotheke-fuessen.de\/index.php\/wp-json\/wp\/v2\/media?parent=2"}],"curies":[{"name":"wp","href":"https:\/\/api.w.org\/{rel}","templated":true}]}}